{"id":241,"date":"2023-11-16T12:39:09","date_gmt":"2023-11-16T11:39:09","guid":{"rendered":"https:\/\/ccsmmarocorg.com\/?page_id=241"},"modified":"2024-07-24T11:29:03","modified_gmt":"2024-07-24T09:29:03","slug":"humanitaire","status":"publish","type":"page","link":"https:\/\/ccsmright.org\/index.php\/humanitaire\/","title":{"rendered":"Notre volet : Humanitaire"},"content":{"rendered":"<style>\r\n\r\n#wpsm_counter_b_row_245 .wpsm_counterbox\r\n{\r\n\ttext-align:center;\r\n\tmargin-top:50px;\r\n\tmargin-bottom:50px;\r\n}\r\n#wpsm_counter_b_row_245 .wpsm_counterbox .wpsm_count-icon{\r\n\tdisplay:block;\r\n\tmargin-top:20px;\r\n\tpadding-top:0px;\r\n\tpadding-bottom:0px;\r\n\tmargin-bottom:0px;\r\n\tmargin:0 auto;\r\n}\r\n#wpsm_counter_b_row_245 .wpsm_counterbox .wpsm_count-icon i{\r\n\tfont-size:46px;\r\n\tcolor:#4b8022;\r\n}\r\n#wpsm_counter_b_row_245 .wpsm_counterbox .wpsm_number{\r\n\tfont-size:36px;\r\n\tfont-weight:400;\r\n\tcolor:#000000;\r\n\tfont-family:'Arial';\r\n\tletter-spacing:2px;\r\n\tmargin-top:20px;\r\n\tline-height: 1.3em;\r\n\tpadding-top:0px;\r\n\tpadding-bottom:0px;\r\n\tmargin-bottom:0px;\r\n}\r\n#wpsm_counter_b_row_245 .wpsm_counterbox .wpsm_count-title{\r\n    font-size:24px;\r\n\tfont-weight:bolder;\r\n\tfont-family:'Arial';\r\n\tletter-spacing:2px;\r\n    color: #000000;\r\n\tfont-weight:400;\r\n\tmargin-top:20px;\r\n\tpadding-top:0px;\r\n\tpadding-bottom:0px;\r\n\tmargin-bottom:0px;\r\n\tline-height: 1.3em;\r\n}\r\n\r\n<\/style> \r\n\t\t \r\n\t\t\r\n\t\t<style>\r\n\t\t#wpsm_counter_b_row_245\t\t\t{\r\n\t\t\t\t\r\n\t\t\t\tposition:relative;\r\n\t\t\t\twidth:100%;\r\n\t\t\t\toverflow:hidden;\r\n\t\t\t\ttext-align:center;\r\n\t\t\t}\r\n\t\t\t \r\n\t\t\t#wpsm_counter_b_row_245 .wpsm_row{\r\n\t\t\toverflow:hidden;\r\n\t\t\tdisplay:block;\r\n\t\t\twidth:100%;\r\n\t\t\t} \r\n\t\t\t \r\n\t\t\t#wpsm_counter_b_row_245 .wpsm_row{\r\n\t\t\toverflow:visible;\r\n\t\t\t} \r\n\t\t\t \r\n\t\t\t#wpsm_counter_b_row_245 .wpsm_counterbox .wpsm_count-title{\r\n\t\t\tmin-height:56px;\r\n\t\t\t}}\r\n\t\t\t \r\n\t\t<\/style>\r\n\t\t\r\n\t\t<div class=\"wpsm_counter_b_row\" id=\"wpsm_counter_b_row_245\">\r\n\t\t\t<div>\r\n\t\t\t\t<div class=\"wpsm_row\">\r\n\t\t\r\n\t\t\t\t\t\t<div class=\"wpsm_col-md-12 wpsm_col-sm-6\">\r\n\t\t\t\t\t<div class=\"wpsm_counterbox\">\r\n\t\t\t\t\t\t \r\n\t\t\t\t\t\t<div class=\"wpsm_count-icon\"><i #4b8022 class=\"fa fa-home\"><\/i><\/div>\r\n\t\t\t\t\t\t\t\t\t\t\t\t<div class=\"wpsm_number\" style=\"#000000\" >\r\n\t\t\t\t\t\t   <span class=\"counter\">1653\t\t\t\t\t\t   <\/span>\r\n\t\t\t\t\t\t    \r\n\t\t\t\t\t    <\/div>\r\n\t\t\t\t\t\t<h3 class=\"wpsm_count-title\" #000000> Hebergement<\/h3>\r\n\t\t\t\t\t\t \r\n\t\t\t\t\t<\/div>\r\n\t\t\t\t<\/div>\r\n\t\t\t\t\t\t<\/div>\r\n\t\t\t<div class=\"wpsm_row\">\r\n\t\t\t\t\t\t\r\n\t\t\t<\/div>\t\t\t\t<\/div>\r\n\t\t<\/div>\r\n\t\t\r\n\t\n\n\n\n<p>Le programme d&rsquo;h\u00e9bergement social a pour objectif de fournir un lieu de vie et de protection temporaire aux minorit\u00e9s migrantes en situation de vuln\u00e9rabilit\u00e9 extr\u00eame. Il offre une prise en charge compl\u00e8te englobant des aspects tels que l&rsquo;alimentation, l&rsquo;habillement, les soins de sant\u00e9, les d\u00e9marches administratives, et une assistance juridique, entre autres.<\/p>\n\n\n\n<p>Depuis son lancement en 2015, ce programme b\u00e9n\u00e9ficie du soutien de partenaires vari\u00e9s, dont Caritas, l&rsquo;Organisation internationale pour les migrations (OIM) et l&rsquo;Union europ\u00e9enne (UE). Les donn\u00e9es relatives au nombre de b\u00e9n\u00e9ficiaires sont r\u00e9guli\u00e8rement mises \u00e0 jour trimestre apr\u00e8s trimestre<strong>.\u00a0 N\u00b0B\u00a0: 1653<\/strong><\/p>\n\n\n<style>\r\n\r\n#wpsm_counter_b_row_247 .wpsm_counterbox\r\n{\r\n\ttext-align:center;\r\n\tmargin-top:50px;\r\n\tmargin-bottom:50px;\r\n}\r\n#wpsm_counter_b_row_247 .wpsm_counterbox .wpsm_count-icon{\r\n\tdisplay:block;\r\n\tmargin-top:20px;\r\n\tpadding-top:0px;\r\n\tpadding-bottom:0px;\r\n\tmargin-bottom:0px;\r\n\tmargin:0 auto;\r\n}\r\n#wpsm_counter_b_row_247 .wpsm_counterbox .wpsm_count-icon i{\r\n\tfont-size:46px;\r\n\tcolor:#553024;\r\n}\r\n#wpsm_counter_b_row_247 .wpsm_counterbox .wpsm_number{\r\n\tfont-size:36px;\r\n\tfont-weight:400;\r\n\tcolor:#000000;\r\n\tfont-family:'Arial';\r\n\tletter-spacing:2px;\r\n\tmargin-top:20px;\r\n\tline-height: 1.3em;\r\n\tpadding-top:0px;\r\n\tpadding-bottom:0px;\r\n\tmargin-bottom:0px;\r\n}\r\n#wpsm_counter_b_row_247 .wpsm_counterbox .wpsm_count-title{\r\n    font-size:24px;\r\n\tfont-weight:bolder;\r\n\tfont-family:'Arial';\r\n\tletter-spacing:2px;\r\n    color: #000000;\r\n\tfont-weight:400;\r\n\tmargin-top:20px;\r\n\tpadding-top:0px;\r\n\tpadding-bottom:0px;\r\n\tmargin-bottom:0px;\r\n\tline-height: 1.3em;\r\n}\r\n\r\n<\/style> \r\n\t\t \r\n\t\t\r\n\t\t<style>\r\n\t\t#wpsm_counter_b_row_247\t\t\t{\r\n\t\t\t\t\r\n\t\t\t\tposition:relative;\r\n\t\t\t\twidth:100%;\r\n\t\t\t\toverflow:hidden;\r\n\t\t\t\ttext-align:center;\r\n\t\t\t}\r\n\t\t\t \r\n\t\t\t#wpsm_counter_b_row_247 .wpsm_row{\r\n\t\t\toverflow:hidden;\r\n\t\t\tdisplay:block;\r\n\t\t\twidth:100%;\r\n\t\t\t} \r\n\t\t\t \r\n\t\t\t#wpsm_counter_b_row_247 .wpsm_row{\r\n\t\t\toverflow:visible;\r\n\t\t\t} \r\n\t\t\t \r\n\t\t\t#wpsm_counter_b_row_247 .wpsm_counterbox .wpsm_count-title{\r\n\t\t\tmin-height:56px;\r\n\t\t\t}}\r\n\t\t\t \r\n\t\t<\/style>\r\n\t\t\r\n\t\t<div class=\"wpsm_counter_b_row\" id=\"wpsm_counter_b_row_247\">\r\n\t\t\t<div>\r\n\t\t\t\t<div class=\"wpsm_row\">\r\n\t\t\r\n\t\t\t\t\t\t<div class=\"wpsm_col-md-12 wpsm_col-sm-6\">\r\n\t\t\t\t\t<div class=\"wpsm_counterbox\">\r\n\t\t\t\t\t\t \r\n\t\t\t\t\t\t<div class=\"wpsm_count-icon\"><i #553024 class=\"fa fa-heartbeat\"><\/i><\/div>\r\n\t\t\t\t\t\t\t\t\t\t\t\t<div class=\"wpsm_number\" style=\"#000000\" >\r\n\t\t\t\t\t\t   <span class=\"counter\">690\t\t\t\t\t\t   <\/span>\r\n\t\t\t\t\t\t    \r\n\t\t\t\t\t    <\/div>\r\n\t\t\t\t\t\t<h3 class=\"wpsm_count-title\" #000000> Sant\u00e9<\/h3>\r\n\t\t\t\t\t\t \r\n\t\t\t\t\t<\/div>\r\n\t\t\t\t<\/div>\r\n\t\t\t\t\t\t<\/div>\r\n\t\t\t<div class=\"wpsm_row\">\r\n\t\t\t\t\t\t\r\n\t\t\t<\/div>\t\t\t\t<\/div>\r\n\t\t<\/div>\r\n\t\t\r\n\t\n\n\n\n<p>La sant\u00e9 est un droit fondamental inh\u00e9rent \u00e0 la vie humaine. Cependant, l&rsquo;acc\u00e8s \u00e0 ce droit s&rsquo;av\u00e8re de plus en plus ardu pour les individus issus de groupes minoritaires, en particulier ceux en situation de migration, tant au cours de leurs parcours migratoires que dans les pays o\u00f9 ils s&rsquo;installent. Au Maroc, l&rsquo;acc\u00e8s aux services de sant\u00e9 est garanti par la Constitution. Dans le cadre de notre engagement envers la Strat\u00e9gie Nationale d&rsquo;Immigration et d&rsquo;Asile (SNIA), visant \u00e0 faciliter l&rsquo;acc\u00e8s aux soins de sant\u00e9 pour les minorit\u00e9s migrantes r\u00e9sidant au Maroc, notre programme d&rsquo;assistance m\u00e9dicale intervient. Son objectif est de garantir aux minorit\u00e9s migrantes un acc\u00e8s \u00e9quitable aux services de sant\u00e9 publique en agissant par le biais de la m\u00e9diation, de la prise en charge et de l&rsquo;achat d&rsquo;ordonnances. <strong>N\u00b0B\u00a0: 690<\/strong><\/p>\n\n\n<style>\r\n\r\n#wpsm_counter_b_row_249 .wpsm_counterbox\r\n{\r\n\ttext-align:center;\r\n\tmargin-top:50px;\r\n\tmargin-bottom:50px;\r\n}\r\n#wpsm_counter_b_row_249 .wpsm_counterbox .wpsm_count-icon{\r\n\tdisplay:block;\r\n\tmargin-top:20px;\r\n\tpadding-top:0px;\r\n\tpadding-bottom:0px;\r\n\tmargin-bottom:0px;\r\n\tmargin:0 auto;\r\n}\r\n#wpsm_counter_b_row_249 .wpsm_counterbox .wpsm_count-icon i{\r\n\tfont-size:46px;\r\n\tcolor:#4b8022;\r\n}\r\n#wpsm_counter_b_row_249 .wpsm_counterbox .wpsm_number{\r\n\tfont-size:36px;\r\n\tfont-weight:400;\r\n\tcolor:#000000;\r\n\tfont-family:'Arial';\r\n\tletter-spacing:2px;\r\n\tmargin-top:20px;\r\n\tline-height: 1.3em;\r\n\tpadding-top:0px;\r\n\tpadding-bottom:0px;\r\n\tmargin-bottom:0px;\r\n}\r\n#wpsm_counter_b_row_249 .wpsm_counterbox .wpsm_count-title{\r\n    font-size:24px;\r\n\tfont-weight:bolder;\r\n\tfont-family:'Arial';\r\n\tletter-spacing:2px;\r\n    color: #000000;\r\n\tfont-weight:400;\r\n\tmargin-top:20px;\r\n\tpadding-top:0px;\r\n\tpadding-bottom:0px;\r\n\tmargin-bottom:0px;\r\n\tline-height: 1.3em;\r\n}\r\n\r\n<\/style> \r\n\t\t \r\n\t\t\r\n\t\t<style>\r\n\t\t#wpsm_counter_b_row_249\t\t\t{\r\n\t\t\t\t\r\n\t\t\t\tposition:relative;\r\n\t\t\t\twidth:100%;\r\n\t\t\t\toverflow:hidden;\r\n\t\t\t\ttext-align:center;\r\n\t\t\t}\r\n\t\t\t \r\n\t\t\t#wpsm_counter_b_row_249 .wpsm_row{\r\n\t\t\toverflow:hidden;\r\n\t\t\tdisplay:block;\r\n\t\t\twidth:100%;\r\n\t\t\t} \r\n\t\t\t \r\n\t\t\t#wpsm_counter_b_row_249 .wpsm_row{\r\n\t\t\toverflow:visible;\r\n\t\t\t} \r\n\t\t\t \r\n\t\t\t#wpsm_counter_b_row_249 .wpsm_counterbox .wpsm_count-title{\r\n\t\t\tmin-height:56px;\r\n\t\t\t}}\r\n\t\t\t \r\n\t\t<\/style>\r\n\t\t\r\n\t\t<div class=\"wpsm_counter_b_row\" id=\"wpsm_counter_b_row_249\">\r\n\t\t\t<div>\r\n\t\t\t\t<div class=\"wpsm_row\">\r\n\t\t\r\n\t\t\t\t\t\t<div class=\"wpsm_col-md-12 wpsm_col-sm-6\">\r\n\t\t\t\t\t<div class=\"wpsm_counterbox\">\r\n\t\t\t\t\t\t \r\n\t\t\t\t\t\t<div class=\"wpsm_count-icon\"><i #4b8022 class=\"fa fa-medkit\"><\/i><\/div>\r\n\t\t\t\t\t\t\t\t\t\t\t\t<div class=\"wpsm_number\" style=\"#000000\" >\r\n\t\t\t\t\t\t   <span class=\"counter\">453\t\t\t\t\t\t   <\/span>\r\n\t\t\t\t\t\t    \r\n\t\t\t\t\t    <\/div>\r\n\t\t\t\t\t\t<h3 class=\"wpsm_count-title\" #000000> Distribution des kits humanitaire<\/h3>\r\n\t\t\t\t\t\t \r\n\t\t\t\t\t<\/div>\r\n\t\t\t\t<\/div>\r\n\t\t\t\t\t\t<\/div>\r\n\t\t\t<div class=\"wpsm_row\">\r\n\t\t\t\t\t\t\r\n\t\t\t<\/div>\t\t\t\t<\/div>\r\n\t\t<\/div>\r\n\t\t\r\n\t\n\n\n\n<p>Ce programme de distribution de kits humanitaires a pour objectif de fournir une assistance indispensable pour r\u00e9pondre aux besoins de survie des groupes de personnes migrantes en situation de vuln\u00e9rabilit\u00e9. Ces kits comprennent diverses fournitures telles que des denr\u00e9es alimentaires, des v\u00eatements, des couvertures, des chaussures, et d&rsquo;autres articles essentiels. L&rsquo;initiative vise \u00e0 venir en aide aux personnes migrantes issues des minorit\u00e9s qui se trouvent dans le besoin, en leur assurant un acc\u00e8s aux \u00e9l\u00e9ments de base n\u00e9cessaires \u00e0 leur bien-\u00eatre. <strong>N\u00b0B\u00a0: 453<\/strong><\/p>\n","protected":false},"excerpt":{"rendered":"<p>Le programme d&rsquo;h\u00e9bergement social a pour objectif de fournir un lieu de vie et de protection temporaire aux minorit\u00e9s migrantes en situation de vuln\u00e9rabilit\u00e9 extr\u00eame. Il offre une prise en charge compl\u00e8te englobant des aspects tels que l&rsquo;alimentation, l&rsquo;habillement, les soins de sant\u00e9, les d\u00e9marches administratives, et une assistance juridique, entre autres. Depuis son lancement en 2015, ce programme b\u00e9n\u00e9ficie du soutien de partenaires vari\u00e9s, dont Caritas, l&rsquo;Organisation internationale pour les migrations (OIM) et l&rsquo;Union europ\u00e9enne (UE). Les donn\u00e9es relatives au nombre de b\u00e9n\u00e9ficiaires sont r\u00e9guli\u00e8rement mises \u00e0 jour trimestre apr\u00e8s trimestre.\u00a0 N\u00b0B\u00a0: 1653 La sant\u00e9 est un droit fondamental inh\u00e9rent \u00e0 la vie humaine. Cependant, l&rsquo;acc\u00e8s \u00e0 ce droit s&rsquo;av\u00e8re de plus en plus ardu pour les individus issus de groupes minoritaires, en particulier ceux en situation de migration, tant au cours de leurs parcours migratoires que dans les pays o\u00f9 ils s&rsquo;installent. Au Maroc, l&rsquo;acc\u00e8s aux services de sant\u00e9 est garanti par la Constitution. Dans le cadre de notre engagement envers la Strat\u00e9gie Nationale d&rsquo;Immigration et d&rsquo;Asile (SNIA), visant \u00e0 faciliter l&rsquo;acc\u00e8s aux soins de sant\u00e9 pour les minorit\u00e9s migrantes r\u00e9sidant au Maroc, notre programme d&rsquo;assistance m\u00e9dicale intervient. Son objectif est de garantir aux minorit\u00e9s migrantes un acc\u00e8s \u00e9quitable aux services de sant\u00e9 publique en agissant par le biais de la m\u00e9diation, de la prise en charge et de l&rsquo;achat d&rsquo;ordonnances. N\u00b0B\u00a0: 690 Ce programme de distribution de kits humanitaires a pour objectif de fournir une assistance indispensable pour r\u00e9pondre aux besoins de survie des groupes de personnes migrantes en situation de vuln\u00e9rabilit\u00e9. Ces kits comprennent diverses fournitures telles que des denr\u00e9es alimentaires, des v\u00eatements, des couvertures, des chaussures, et d&rsquo;autres articles essentiels. L&rsquo;initiative vise \u00e0 venir en aide aux personnes migrantes issues des minorit\u00e9s qui se trouvent dans le besoin, en leur assurant un acc\u00e8s aux \u00e9l\u00e9ments de base n\u00e9cessaires \u00e0 leur bien-\u00eatre. N\u00b0B\u00a0: 453<\/p>\n","protected":false},"author":1,"featured_media":143,"parent":0,"menu_order":0,"comment_status":"closed","ping_status":"closed","template":"","meta":{"_themeisle_gutenberg_block_has_review":false,"jetpack_post_was_ever_published":false,"footnotes":""},"class_list":["post-241","page","type-page","status-publish","has-post-thumbnail","hentry"],"jetpack_sharing_enabled":true,"_links":{"self":[{"href":"https:\/\/ccsmright.org\/index.php\/wp-json\/wp\/v2\/pages\/241","targetHints":{"allow":["GET"]}}],"collection":[{"href":"https:\/\/ccsmright.org\/index.php\/wp-json\/wp\/v2\/pages"}],"about":[{"href":"https:\/\/ccsmright.org\/index.php\/wp-json\/wp\/v2\/types\/page"}],"author":[{"embeddable":true,"href":"https:\/\/ccsmright.org\/index.php\/wp-json\/wp\/v2\/users\/1"}],"replies":[{"embeddable":true,"href":"https:\/\/ccsmright.org\/index.php\/wp-json\/wp\/v2\/comments?post=241"}],"version-history":[{"count":8,"href":"https:\/\/ccsmright.org\/index.php\/wp-json\/wp\/v2\/pages\/241\/revisions"}],"predecessor-version":[{"id":672,"href":"https:\/\/ccsmright.org\/index.php\/wp-json\/wp\/v2\/pages\/241\/revisions\/672"}],"wp:featuredmedia":[{"embeddable":true,"href":"https:\/\/ccsmright.org\/index.php\/wp-json\/wp\/v2\/media\/143"}],"wp:attachment":[{"href":"https:\/\/ccsmright.org\/index.php\/wp-json\/wp\/v2\/media?parent=241"}],"curies":[{"name":"wp","href":"https:\/\/api.w.org\/{rel}","templated":true}]}}