{"id":454,"date":"2024-03-20T18:12:45","date_gmt":"2024-03-20T17:12:45","guid":{"rendered":"https:\/\/ccsmright.org\/?page_id=454"},"modified":"2024-07-24T11:29:03","modified_gmt":"2024-07-24T09:29:03","slug":"accueil","status":"publish","type":"page","link":"https:\/\/ccsmright.org\/","title":{"rendered":""},"content":{"rendered":"\n<p><\/p>\n\n\n\n<div class=\"wp-block-columns is-layout-flex wp-container-core-columns-is-layout-9d6595d7 wp-block-columns-is-layout-flex\">\n<div class=\"wp-block-column is-layout-flow wp-block-column-is-layout-flow\">\n<h3 class=\"wp-block-heading has-text-align-left\"><strong>Le CCSM<\/strong><\/h3>\n\n\n\n<p class=\"has-text-align-left has-small-font-size\">Le CCSM (Collectif des Communaut\u00e9s Subsahariennes au Maroc) est une <strong>organisation \u00e0 but non lucratif<\/strong> fond\u00e9e en 2011 pour d\u00e9fendre les<strong> droits des migrants au Maroc et favoriser leur int\u00e9gration socio-\u00e9conomique, \u00e9ducative et culturelle. <\/strong>Avec 30 membres adh\u00e9rents r\u00e9partis dans diff\u00e9rentes villes marocaines,<strong> le CCSM m\u00e8ne des actions de plaidoyer, de sensibilisation et d&rsquo;assistance sociale<\/strong> pour promouvoir les droits des migrants, am\u00e9liorer leurs conditions de vie et influencer les politiques publiques en leur faveur. Ses domaines d&rsquo;intervention comprennent le <strong>plaidoyer pour les droits humains et l&rsquo;assistance sociale et humanitaire,<\/strong> avec des projets d\u00e9ploy\u00e9s dans plusieurs villes marocaines pour r\u00e9pondre aux besoins des migrants et garantir leur inclusion sociale.<\/p>\n\n\n\n<h3 class=\"wp-block-heading has-text-align-left\"><strong>Nos volets<\/strong><\/h3>\n<\/div>\n<\/div>\n\n\n\n<div class=\"wp-block-columns is-layout-flex wp-container-core-columns-is-layout-9d6595d7 wp-block-columns-is-layout-flex\">\n<div class=\"wp-block-column is-layout-flow wp-block-column-is-layout-flow\">\n<div class=\"wp-block-cover aligncenter\"><span aria-hidden=\"true\" class=\"wp-block-cover__background has-background-dim\"><\/span><img loading=\"lazy\" decoding=\"async\" width=\"395\" height=\"395\" class=\"wp-block-cover__image-background wp-image-563\" alt=\"\" src=\"https:\/\/ccsmright.org\/wp-content\/uploads\/2024\/07\/WhatsApp-Image-2024-05-28-at-14.54.47-1.jpg\" data-object-fit=\"cover\" srcset=\"https:\/\/ccsmright.org\/wp-content\/uploads\/2024\/07\/WhatsApp-Image-2024-05-28-at-14.54.47-1.jpg 395w, https:\/\/ccsmright.org\/wp-content\/uploads\/2024\/07\/WhatsApp-Image-2024-05-28-at-14.54.47-1-300x300.jpg 300w, https:\/\/ccsmright.org\/wp-content\/uploads\/2024\/07\/WhatsApp-Image-2024-05-28-at-14.54.47-1-150x150.jpg 150w, https:\/\/ccsmright.org\/wp-content\/uploads\/2024\/07\/WhatsApp-Image-2024-05-28-at-14.54.47-1-75x75.jpg 75w\" sizes=\"auto, (max-width: 395px) 100vw, 395px\" \/><div class=\"wp-block-cover__inner-container is-layout-flow wp-block-cover-is-layout-flow\">\n<p class=\"has-text-align-center has-large-font-size\"><span><a style=\"font-weight: bold;\" href=\"https:\/\/ccsmright.org\/index.php\/humanitaire\/\">Humanitaire<\/a><\/span><\/p>\n<\/div><\/div>\n<\/div>\n\n\n\n<div class=\"wp-block-column is-layout-flow wp-block-column-is-layout-flow\">\n<div class=\"wp-block-cover aligncenter\"><span aria-hidden=\"true\" class=\"wp-block-cover__background has-background-dim\"><\/span><img loading=\"lazy\" decoding=\"async\" width=\"2560\" height=\"2560\" class=\"wp-block-cover__image-background wp-image-567\" alt=\"\" src=\"https:\/\/ccsmright.org\/wp-content\/uploads\/2024\/07\/IMG_3572-edited-scaled.jpg\" data-object-fit=\"cover\" srcset=\"https:\/\/ccsmright.org\/wp-content\/uploads\/2024\/07\/IMG_3572-edited-scaled.jpg 2560w, https:\/\/ccsmright.org\/wp-content\/uploads\/2024\/07\/IMG_3572-edited-300x300.jpg 300w, https:\/\/ccsmright.org\/wp-content\/uploads\/2024\/07\/IMG_3572-edited-1024x1024.jpg 1024w, https:\/\/ccsmright.org\/wp-content\/uploads\/2024\/07\/IMG_3572-edited-150x150.jpg 150w, https:\/\/ccsmright.org\/wp-content\/uploads\/2024\/07\/IMG_3572-edited-768x768.jpg 768w, https:\/\/ccsmright.org\/wp-content\/uploads\/2024\/07\/IMG_3572-edited-1536x1536.jpg 1536w, https:\/\/ccsmright.org\/wp-content\/uploads\/2024\/07\/IMG_3572-edited-2048x2048.jpg 2048w, https:\/\/ccsmright.org\/wp-content\/uploads\/2024\/07\/IMG_3572-edited-1140x1139.jpg 1140w, https:\/\/ccsmright.org\/wp-content\/uploads\/2024\/07\/IMG_3572-edited-75x75.jpg 75w\" sizes=\"auto, (max-width: 2560px) 100vw, 2560px\" \/><div class=\"wp-block-cover__inner-container is-layout-flow wp-block-cover-is-layout-flow\">\n<p class=\"has-text-align-center has-large-font-size\"><strong><a href=\"https:\/\/ccsmright.org\/index.php\/volet-plaidoyer-et-renforcement-des-capacites\/\">Plaidoyer<\/a><\/strong><\/p>\n<\/div><\/div>\n<\/div>\n<\/div>\n","protected":false},"excerpt":{"rendered":"<p>Le CCSM Le CCSM (Collectif des Communaut\u00e9s Subsahariennes au Maroc) est une organisation \u00e0 but non lucratif fond\u00e9e en 2011 pour d\u00e9fendre les droits des migrants au Maroc et favoriser leur int\u00e9gration socio-\u00e9conomique, \u00e9ducative et culturelle. Avec 30 membres adh\u00e9rents r\u00e9partis dans diff\u00e9rentes villes marocaines, le CCSM m\u00e8ne des actions de plaidoyer, de sensibilisation et d&rsquo;assistance sociale pour promouvoir les droits des migrants, am\u00e9liorer leurs conditions de vie et influencer les politiques publiques en leur faveur. Ses domaines d&rsquo;intervention comprennent le plaidoyer pour les droits humains et l&rsquo;assistance sociale et humanitaire, avec des projets d\u00e9ploy\u00e9s dans plusieurs villes marocaines pour r\u00e9pondre aux besoins des migrants et garantir leur inclusion sociale. Nos volets<\/p>\n","protected":false},"author":1,"featured_media":0,"parent":0,"menu_order":0,"comment_status":"closed","ping_status":"closed","template":"","meta":{"_themeisle_gutenberg_block_has_review":false,"jetpack_post_was_ever_published":false,"footnotes":""},"class_list":["post-454","page","type-page","status-publish","hentry"],"jetpack_sharing_enabled":true,"_links":{"self":[{"href":"https:\/\/ccsmright.org\/index.php\/wp-json\/wp\/v2\/pages\/454","targetHints":{"allow":["GET"]}}],"collection":[{"href":"https:\/\/ccsmright.org\/index.php\/wp-json\/wp\/v2\/pages"}],"about":[{"href":"https:\/\/ccsmright.org\/index.php\/wp-json\/wp\/v2\/types\/page"}],"author":[{"embeddable":true,"href":"https:\/\/ccsmright.org\/index.php\/wp-json\/wp\/v2\/users\/1"}],"replies":[{"embeddable":true,"href":"https:\/\/ccsmright.org\/index.php\/wp-json\/wp\/v2\/comments?post=454"}],"version-history":[{"count":48,"href":"https:\/\/ccsmright.org\/index.php\/wp-json\/wp\/v2\/pages\/454\/revisions"}],"predecessor-version":[{"id":675,"href":"https:\/\/ccsmright.org\/index.php\/wp-json\/wp\/v2\/pages\/454\/revisions\/675"}],"wp:attachment":[{"href":"https:\/\/ccsmright.org\/index.php\/wp-json\/wp\/v2\/media?parent=454"}],"curies":[{"name":"wp","href":"https:\/\/api.w.org\/{rel}","templated":true}]}}