{"id":47,"date":"2023-10-19T18:31:18","date_gmt":"2023-10-19T16:31:18","guid":{"rendered":"https:\/\/ccsmmarocorg.com\/?page_id=47"},"modified":"2024-07-25T15:29:25","modified_gmt":"2024-07-25T13:29:25","slug":"activites","status":"publish","type":"page","link":"https:\/\/ccsmright.org\/index.php\/activites\/","title":{"rendered":"Publications"},"content":{"rendered":"\n<div style=\"height:31px\" aria-hidden=\"true\" class=\"wp-block-spacer\"><\/div>\n\n\n\n<div class=\"wp-block-media-text is-stacked-on-mobile\"><figure class=\"wp-block-media-text__media\"><img loading=\"lazy\" decoding=\"async\" width=\"1024\" height=\"463\" src=\"https:\/\/ccsmright.org\/wp-content\/uploads\/2024\/07\/ea-1024x463.jpg\" alt=\"\" class=\"wp-image-715 size-full\" srcset=\"https:\/\/ccsmright.org\/wp-content\/uploads\/2024\/07\/ea-1024x463.jpg 1024w, https:\/\/ccsmright.org\/wp-content\/uploads\/2024\/07\/ea-300x136.jpg 300w, https:\/\/ccsmright.org\/wp-content\/uploads\/2024\/07\/ea-768x347.jpg 768w, https:\/\/ccsmright.org\/wp-content\/uploads\/2024\/07\/ea-1140x515.jpg 1140w, https:\/\/ccsmright.org\/wp-content\/uploads\/2024\/07\/ea.jpg 1498w\" sizes=\"auto, (max-width: 1024px) 100vw, 1024px\" \/><\/figure><div class=\"wp-block-media-text__content\">\n<p><a href=\"https:\/\/ccsmright.org\/index.php\/2024\/07\/24\/jeplaide-plaidoyer-sur-la-loi-02-03\/\">#JePlaide : Plaidoyer sur la loi 02.03<\/a><\/p>\n<\/div><\/div>\n\n\n\n<div style=\"height:31px\" aria-hidden=\"true\" class=\"wp-block-spacer\"><\/div>\n\n\n\n<div class=\"wp-block-media-text is-stacked-on-mobile\"><figure class=\"wp-block-media-text__media\"><img loading=\"lazy\" decoding=\"async\" width=\"1024\" height=\"488\" src=\"http:\/\/ccsmright.org\/wp-content\/uploads\/2024\/03\/WhatsApp-Image-2024-03-14-at-11.38.17-e1721914150746-1024x488.jpeg\" alt=\"\" class=\"wp-image-506 size-full\" srcset=\"https:\/\/ccsmright.org\/wp-content\/uploads\/2024\/03\/WhatsApp-Image-2024-03-14-at-11.38.17-e1721914150746-1024x488.jpeg 1024w, https:\/\/ccsmright.org\/wp-content\/uploads\/2024\/03\/WhatsApp-Image-2024-03-14-at-11.38.17-e1721914150746-300x143.jpeg 300w, https:\/\/ccsmright.org\/wp-content\/uploads\/2024\/03\/WhatsApp-Image-2024-03-14-at-11.38.17-e1721914150746-768x366.jpeg 768w, https:\/\/ccsmright.org\/wp-content\/uploads\/2024\/03\/WhatsApp-Image-2024-03-14-at-11.38.17-e1721914150746-1536x732.jpeg 1536w, https:\/\/ccsmright.org\/wp-content\/uploads\/2024\/03\/WhatsApp-Image-2024-03-14-at-11.38.17-e1721914150746-1140x543.jpeg 1140w, https:\/\/ccsmright.org\/wp-content\/uploads\/2024\/03\/WhatsApp-Image-2024-03-14-at-11.38.17-e1721914150746.jpeg 1600w\" sizes=\"auto, (max-width: 1024px) 100vw, 1024px\" \/><\/figure><div class=\"wp-block-media-text__content\">\n<p><a href=\"https:\/\/ccsmright.org\/index.php\/2024\/02\/12\/acces-aux-droits-des-minorites-migrantes-dans-la-region-souss-massa\/\" target=\"_blank\" rel=\"noreferrer noopener\">Communiqu\u00e9 : 8 mars 2024<\/a><\/p>\n<\/div><\/div>\n\n\n\n<div style=\"height:31px\" aria-hidden=\"true\" class=\"wp-block-spacer\"><\/div>\n\n\n\n<div class=\"wp-block-media-text is-stacked-on-mobile\"><figure class=\"wp-block-media-text__media\"><img loading=\"lazy\" decoding=\"async\" width=\"1024\" height=\"451\" src=\"http:\/\/ccsmright.org\/wp-content\/uploads\/2024\/02\/WhatsApp-Image-2024-02-09-at-16.05.49-e1711550897984-1024x451.jpeg\" alt=\"\" class=\"wp-image-400 size-full\" srcset=\"https:\/\/ccsmright.org\/wp-content\/uploads\/2024\/02\/WhatsApp-Image-2024-02-09-at-16.05.49-e1711550897984-1024x451.jpeg 1024w, https:\/\/ccsmright.org\/wp-content\/uploads\/2024\/02\/WhatsApp-Image-2024-02-09-at-16.05.49-e1711550897984-300x132.jpeg 300w, https:\/\/ccsmright.org\/wp-content\/uploads\/2024\/02\/WhatsApp-Image-2024-02-09-at-16.05.49-e1711550897984-768x338.jpeg 768w, https:\/\/ccsmright.org\/wp-content\/uploads\/2024\/02\/WhatsApp-Image-2024-02-09-at-16.05.49-e1711550897984.jpeg 1262w\" sizes=\"auto, (max-width: 1024px) 100vw, 1024px\" \/><\/figure><div class=\"wp-block-media-text__content\">\n<p><a href=\"https:\/\/ccsmright.org\/index.php\/2024\/02\/12\/acces-aux-droits-des-minorites-migrantes-dans-la-region-souss-massa\/\">Pr\u00e9sentation : Acces aux droits des Minorites Migrantes dans la Region Souss Massa<\/a><\/p>\n<\/div><\/div>\n\n\n\n<div style=\"height:31px\" aria-hidden=\"true\" class=\"wp-block-spacer\"><\/div>\n\n\n\n<div class=\"wp-block-media-text is-stacked-on-mobile\"><figure class=\"wp-block-media-text__media\"><img loading=\"lazy\" decoding=\"async\" width=\"766\" height=\"402\" src=\"https:\/\/ccsmright.org\/wp-content\/uploads\/2024\/07\/Captura-de-pantalla-2024-07-25-152346-1.png\" alt=\"\" class=\"wp-image-752 size-full\" srcset=\"https:\/\/ccsmright.org\/wp-content\/uploads\/2024\/07\/Captura-de-pantalla-2024-07-25-152346-1.png 766w, https:\/\/ccsmright.org\/wp-content\/uploads\/2024\/07\/Captura-de-pantalla-2024-07-25-152346-1-300x157.png 300w\" sizes=\"auto, (max-width: 766px) 100vw, 766px\" \/><\/figure><div class=\"wp-block-media-text__content\">\n<p><a href=\"https:\/\/ccsmright.org\/index.php\/2024\/02\/12\/acces-aux-droits-des-minorites-migrantes-dans-la-region-souss-massa\/\">Communiqu\u00e9 : <\/a><a href=\"https:\/\/ccsmright.org\/index.php\/2024\/02\/12\/acces-aux-droits-des-minorites-migrantes-dans-la-region-souss-massa\/\" target=\"_blank\" rel=\"noreferrer noopener\">Disparu<\/a><a href=\"https:\/\/ccsmright.org\/index.php\/2024\/02\/12\/acces-aux-droits-des-minorites-migrantes-dans-la-region-souss-massa\/\"> en mer<\/a><\/p>\n<\/div><\/div>\n\n\n\n<div style=\"height:31px\" aria-hidden=\"true\" class=\"wp-block-spacer\"><\/div>\n\n\n\n<div class=\"wp-block-media-text is-stacked-on-mobile\"><figure class=\"wp-block-media-text__media\"><img loading=\"lazy\" decoding=\"async\" width=\"992\" height=\"258\" src=\"http:\/\/ccsmright.org\/wp-content\/uploads\/2023\/10\/Capture.png\" alt=\"\" class=\"wp-image-108 size-full\" srcset=\"https:\/\/ccsmright.org\/wp-content\/uploads\/2023\/10\/Capture.png 992w, https:\/\/ccsmright.org\/wp-content\/uploads\/2023\/10\/Capture-300x78.png 300w, https:\/\/ccsmright.org\/wp-content\/uploads\/2023\/10\/Capture-768x200.png 768w\" sizes=\"auto, (max-width: 992px) 100vw, 992px\" \/><\/figure><div class=\"wp-block-media-text__content\">\n<p><a href=\"https:\/\/ccsmright.org\/index.php\/2023\/10\/19\/newsletter-numero-1\/\" target=\"_blank\" rel=\"noreferrer noopener\">Newsletter julliet-ao\u00fbt-septembre 2023<\/a><\/p>\n<\/div><\/div>\n\n\n\n<div style=\"height:41px\" aria-hidden=\"true\" class=\"wp-block-spacer\"><\/div>\n\n\n\n<div class=\"wp-block-media-text is-stacked-on-mobile\"><figure class=\"wp-block-media-text__media\"><img loading=\"lazy\" decoding=\"async\" width=\"1024\" height=\"447\" src=\"http:\/\/ccsmright.org\/wp-content\/uploads\/2023\/10\/hello-e1711550973897-1024x447.jpg\" alt=\"\" class=\"wp-image-20 size-full\" srcset=\"https:\/\/ccsmright.org\/wp-content\/uploads\/2023\/10\/hello-e1711550973897-1024x447.jpg 1024w, https:\/\/ccsmright.org\/wp-content\/uploads\/2023\/10\/hello-e1711550973897-300x131.jpg 300w, https:\/\/ccsmright.org\/wp-content\/uploads\/2023\/10\/hello-e1711550973897-768x335.jpg 768w, https:\/\/ccsmright.org\/wp-content\/uploads\/2023\/10\/hello-e1711550973897.jpg 1264w\" sizes=\"auto, (max-width: 1024px) 100vw, 1024px\" \/><\/figure><div class=\"wp-block-media-text__content\">\n<p><a href=\"https:\/\/ccsmright.org\/index.php\/2023\/10\/19\/mission-de-terrainmarrakech-agadir\/\">Mission de terrain MARRAKECH-AGADIR<\/a><\/p>\n<\/div><\/div>\n\n\n\n<div style=\"height:29px\" aria-hidden=\"true\" class=\"wp-block-spacer\"><\/div>\n\n\n\n<div class=\"wp-block-media-text is-stacked-on-mobile\"><figure class=\"wp-block-media-text__media\"><img loading=\"lazy\" decoding=\"async\" width=\"1024\" height=\"576\" src=\"http:\/\/ccsmright.org\/wp-content\/uploads\/2023\/10\/IMG_0328-1024x576.jpg\" alt=\"\" class=\"wp-image-14 size-full\" srcset=\"https:\/\/ccsmright.org\/wp-content\/uploads\/2023\/10\/IMG_0328-1024x576.jpg 1024w, https:\/\/ccsmright.org\/wp-content\/uploads\/2023\/10\/IMG_0328-300x169.jpg 300w, https:\/\/ccsmright.org\/wp-content\/uploads\/2023\/10\/IMG_0328-768x432.jpg 768w, https:\/\/ccsmright.org\/wp-content\/uploads\/2023\/10\/IMG_0328-1536x864.jpg 1536w, https:\/\/ccsmright.org\/wp-content\/uploads\/2023\/10\/IMG_0328-2048x1152.jpg 2048w\" sizes=\"auto, (max-width: 1024px) 100vw, 1024px\" \/><\/figure><div class=\"wp-block-media-text__content\">\n<p><a href=\"https:\/\/ccsmright.org\/index.php\/2023\/10\/19\/atelier-de-sensibilisation-sur-la-journee-internationale-des-droits-des-femmes\/\" target=\"_blank\" rel=\"noreferrer noopener\">Atelier de sensibilisation sur la journ\u00e9e internationale des droits des femmes<\/a><\/p>\n<\/div><\/div>\n\n\n\n<div style=\"height:36px\" aria-hidden=\"true\" class=\"wp-block-spacer\"><\/div>\n\n\n\n<div class=\"wp-block-media-text is-stacked-on-mobile\"><figure class=\"wp-block-media-text__media\"><img loading=\"lazy\" decoding=\"async\" width=\"381\" height=\"187\" src=\"https:\/\/ccsmright.org\/wp-content\/uploads\/2024\/07\/Captura-de-pantalla-2024-07-24-171621-1.png\" alt=\"\" class=\"wp-image-701 size-full\" srcset=\"https:\/\/ccsmright.org\/wp-content\/uploads\/2024\/07\/Captura-de-pantalla-2024-07-24-171621-1.png 381w, https:\/\/ccsmright.org\/wp-content\/uploads\/2024\/07\/Captura-de-pantalla-2024-07-24-171621-1-300x147.png 300w\" sizes=\"auto, (max-width: 381px) 100vw, 381px\" \/><\/figure><div class=\"wp-block-media-text__content\">\n<p><a href=\"https:\/\/drive.google.com\/file\/d\/1gzq0r70mp26gOsxUAnOfqUxh4s24umdJ\/view?usp=sharing\">2022 :  Rapport technique du s\u00e9minaire r\u00e9gional de r\u00e9flexion sur l&rsquo;enregistrement \u00e0 l&rsquo;\u00e9tat civil et l&rsquo;acc\u00e8s \u00e0 l&rsquo;\u00e9ducation des enfants \u00e9trangers <\/a><\/p>\n<\/div><\/div>\n\n\n\n<div style=\"height:36px\" aria-hidden=\"true\" class=\"wp-block-spacer\"><\/div>\n\n\n\n<div class=\"wp-block-media-text is-stacked-on-mobile\"><figure class=\"wp-block-media-text__media\"><img loading=\"lazy\" decoding=\"async\" width=\"493\" height=\"102\" src=\"http:\/\/ccsmright.org\/wp-content\/uploads\/2024\/07\/Captura-de-pantalla-2024-07-24-163458.png\" alt=\"\" class=\"wp-image-692 size-full\" srcset=\"https:\/\/ccsmright.org\/wp-content\/uploads\/2024\/07\/Captura-de-pantalla-2024-07-24-163458.png 493w, https:\/\/ccsmright.org\/wp-content\/uploads\/2024\/07\/Captura-de-pantalla-2024-07-24-163458-300x62.png 300w\" sizes=\"auto, (max-width: 493px) 100vw, 493px\" \/><\/figure><div class=\"wp-block-media-text__content\">\n<p><a href=\"https:\/\/drive.google.com\/file\/d\/19QQH1WtTJ8tGLwauLT9KWtanSKKwf98n\/view?usp=sharing\">2018 : M\u00e9morandum du Collectif des Communaut\u00e9s Subsahariennes au Maroc<\/a><\/p>\n<\/div><\/div>\n","protected":false},"excerpt":{"rendered":"<p>#JePlaide : Plaidoyer sur la loi 02.03 Communiqu\u00e9 : 8 mars 2024 Pr\u00e9sentation : Acces aux droits des Minorites Migrantes dans la Region Souss Massa Communiqu\u00e9 : Disparu en mer Newsletter julliet-ao\u00fbt-septembre 2023 Mission de terrain MARRAKECH-AGADIR Atelier de sensibilisation sur la journ\u00e9e internationale des droits des femmes 2022 : Rapport technique du s\u00e9minaire r\u00e9gional de r\u00e9flexion sur l&rsquo;enregistrement \u00e0 l&rsquo;\u00e9tat civil et l&rsquo;acc\u00e8s \u00e0 l&rsquo;\u00e9ducation des enfants \u00e9trangers 2018 : M\u00e9morandum du Collectif des Communaut\u00e9s Subsahariennes au Maroc<\/p>\n","protected":false},"author":1,"featured_media":0,"parent":0,"menu_order":0,"comment_status":"closed","ping_status":"closed","template":"","meta":{"_themeisle_gutenberg_block_has_review":false,"jetpack_post_was_ever_published":false,"footnotes":""},"class_list":["post-47","page","type-page","status-publish","hentry"],"jetpack_sharing_enabled":true,"_links":{"self":[{"href":"https:\/\/ccsmright.org\/index.php\/wp-json\/wp\/v2\/pages\/47","targetHints":{"allow":["GET"]}}],"collection":[{"href":"https:\/\/ccsmright.org\/index.php\/wp-json\/wp\/v2\/pages"}],"about":[{"href":"https:\/\/ccsmright.org\/index.php\/wp-json\/wp\/v2\/types\/page"}],"author":[{"embeddable":true,"href":"https:\/\/ccsmright.org\/index.php\/wp-json\/wp\/v2\/users\/1"}],"replies":[{"embeddable":true,"href":"https:\/\/ccsmright.org\/index.php\/wp-json\/wp\/v2\/comments?post=47"}],"version-history":[{"count":19,"href":"https:\/\/ccsmright.org\/index.php\/wp-json\/wp\/v2\/pages\/47\/revisions"}],"predecessor-version":[{"id":755,"href":"https:\/\/ccsmright.org\/index.php\/wp-json\/wp\/v2\/pages\/47\/revisions\/755"}],"wp:attachment":[{"href":"https:\/\/ccsmright.org\/index.php\/wp-json\/wp\/v2\/media?parent=47"}],"curies":[{"name":"wp","href":"https:\/\/api.w.org\/{rel}","templated":true}]}}